{"id":217,"date":"2021-06-21T07:51:23","date_gmt":"2021-06-21T05:51:23","guid":{"rendered":"http:\/\/kongres-kami.sk\/forum\/?page_id=217"},"modified":"2023-01-10T15:11:32","modified_gmt":"2023-01-10T14:11:32","slug":"forum-medicinskej-diagnostiky","status":"publish","type":"page","link":"http:\/\/kongres-kami.sk\/forum\/","title":{"rendered":"F\u00f3rum medic\u00ednskej diagnostiky"},"content":{"rendered":"<p><\/p>\r\n<p><\/p>\r\n<!--themify_builder_content-->\n<div id=\"themify_builder_content-217\" data-postid=\"217\" class=\"themify_builder_content themify_builder_content-217 themify_builder tf_clear\">\n                    <div  data-css_id=\"q8il419\" data-lazy=\"1\" class=\"module_row themify_builder_row fullheight fullwidth_row_container tb_q8il419 tb_first tf_w\">\n                        <div class=\"row_inner col_align_top tb_col_count_1 tf_box tf_rel\">\n                        <div  data-lazy=\"1\" class=\"module_column tb-column col-full tb_dzd5420 first\">\n                            <div  data-lazy=\"1\" class=\"module_subrow themify_builder_sub_row tf_w col_align_top tb_col_count_3 tb_66sh977\">\n                <div  data-lazy=\"1\" class=\"module_column sub_column col3-1 tb_egoy978 first\">\n                    <!-- module image -->\n<div  class=\"module module-image tb_hcdw574 image-right   tf_mw\" data-lazy=\"1\">\n        <div class=\"image-wrap tf_rel tf_mw\">\n            <img loading=\"lazy\" decoding=\"async\" src=\"http:\/\/kongres-kami.sk\/forum\/wp-content\/uploads\/2018\/04\/UK-200x200.png\" width=\"200\" height=\"200\" class=\"wp-post-image wp-image-104\" title=\"UK\" alt=\"UK\" srcset=\"http:\/\/kongres-kami.sk\/forum\/wp-content\/uploads\/2018\/04\/UK-200x200.png 200w, http:\/\/kongres-kami.sk\/forum\/wp-content\/uploads\/2018\/04\/UK-150x150.png 150w, http:\/\/kongres-kami.sk\/forum\/wp-content\/uploads\/2018\/04\/UK.png 300w\" sizes=\"auto, (max-width: 200px) 100vw, 200px\" \/>    \n        <\/div>\n    <!-- \/image-wrap -->\n    \n        <\/div>\n<!-- \/module image -->        <\/div>\n                    <div  data-lazy=\"1\" class=\"module_column sub_column col3-1 tb_ho39978\">\n                    <!-- module image -->\n<div  class=\"module module-image tb_ervl358 image-center   tf_mw\" data-lazy=\"1\">\n        <div class=\"image-wrap tf_rel tf_mw\">\n            <img loading=\"lazy\" decoding=\"async\" src=\"http:\/\/kongres-kami.sk\/forum\/wp-content\/uploads\/2018\/03\/SSKB-300x294.png\" width=\"300\" height=\"294\" class=\"wp-post-image wp-image-28\" title=\"SSKB\" alt=\"SSKB\" srcset=\"http:\/\/kongres-kami.sk\/forum\/wp-content\/uploads\/2018\/03\/SSKB-300x294.png 300w, http:\/\/kongres-kami.sk\/forum\/wp-content\/uploads\/2018\/03\/SSKB.png 357w\" sizes=\"auto, (max-width: 300px) 100vw, 300px\" \/>    \n        <\/div>\n    <!-- \/image-wrap -->\n    \n        <\/div>\n<!-- \/module image -->        <\/div>\n                    <div  data-lazy=\"1\" class=\"module_column sub_column col3-1 tb_4c5z979 last\">\n                    <!-- module image -->\n<div  class=\"module module-image tb_bnaz132 image-top   tf_mw\" data-lazy=\"1\">\n        <div class=\"image-wrap tf_rel tf_mw\">\n            <img loading=\"lazy\" decoding=\"async\" src=\"http:\/\/kongres-kami.sk\/forum\/wp-content\/uploads\/2018\/04\/JLF-UK-Martin-200x218.png\" width=\"200\" height=\"218\" class=\"wp-post-image wp-image-97\" title=\"JLF UK Martin\" alt=\"JLF UK Martin\" srcset=\"http:\/\/kongres-kami.sk\/forum\/wp-content\/uploads\/2018\/04\/JLF-UK-Martin-200x218.png 200w, http:\/\/kongres-kami.sk\/forum\/wp-content\/uploads\/2018\/04\/JLF-UK-Martin-275x300.png 275w, http:\/\/kongres-kami.sk\/forum\/wp-content\/uploads\/2018\/04\/JLF-UK-Martin.png 302w\" sizes=\"auto, (max-width: 200px) 100vw, 200px\" \/>    \n        <\/div>\n    <!-- \/image-wrap -->\n    \n        <\/div>\n<!-- \/module image -->        <\/div>\n                    <\/div>\n                <div  data-lazy=\"1\" class=\"module_subrow themify_builder_sub_row tf_w col_align_top tb_col_count_1 tb_8e8v224\">\n                <div  data-lazy=\"1\" class=\"module_column sub_column col-full tb_w9wt225 first\">\n                    <!-- module fancy heading -->\n<div  class=\"module module-fancy-heading tb_put8428 \" data-lazy=\"1\">\n        <h1 class=\"fancy-heading tf_textc\">\n    <span class=\"main-head tf_block\">\n                    F\u00f3rum medic\u00ednskej diagnostiky 2020            <\/span>\n\n    \n    <span class=\"sub-head tf_block tf_rel\">\n                    Inov\u00e1cia prostredn\u00edctvom medic\u00ednskej hodnoty a laborat\u00f3rnej efektivity.            <\/span>\n    <\/h1>\n<\/div>\n<!-- \/module fancy heading -->\n        <\/div>\n                    <\/div>\n                <div  data-lazy=\"1\" class=\"module_subrow themify_builder_sub_row tf_w col_align_top gutter-none tb_col_count_3 tb_lbii399\">\n                <div  data-lazy=\"1\" class=\"module_column sub_column col3-1 tb_ojxf399 first\">\n                            <\/div>\n                    <div  data-lazy=\"1\" class=\"module_column sub_column col3-1 tb_ktyp621\">\n                    <!-- module buttons -->\n<div  class=\"module module-buttons tb_h74v831 buttons-horizontal solid  xlarge rounded buttons-fullwidth\" data-lazy=\"1\">\n        <div class=\"module-buttons-item tf_in_flx\">\n                        <a href=\"#program\" class=\"ui builder_button tf_in_flx red\" >\n                                                PROGRAM                                        <em><svg  class=\"tf_fa tf-fas-arrow-down\" xmlns:xlink=\"http:\/\/www.w3.org\/1999\/xlink\" aria-hidden=\"true\"><use href=\"#tf-fas-arrow-down\" xlink:href=\"#tf-fas-arrow-down\"><\/use><\/svg><\/em>                            <\/a>\n                <\/div>\n                    <div class=\"module-buttons-item tf_in_flx\">\n                        <a href=\"#form\" class=\"ui builder_button tf_in_flx red\" >\n                                                REGISTR\u00c1CIA                                        <em><svg  class=\"tf_fa tf-fas-arrow-down\" xmlns:xlink=\"http:\/\/www.w3.org\/1999\/xlink\" aria-hidden=\"true\"><use href=\"#tf-fas-arrow-down\" xlink:href=\"#tf-fas-arrow-down\"><\/use><\/svg><\/em>                            <\/a>\n                <\/div>\n            <\/div>\n<!-- \/module buttons -->\n        <\/div>\n                    <div  data-lazy=\"1\" class=\"module_column sub_column col3-1 tb_u8b8621 last\">\n                            <\/div>\n                    <\/div>\n                <\/div>\n                        <\/div>\n        <\/div>\n                        <div  data-desktop-padding=\"13%,13%\" data-css_id=\"s0qn995\" data-lazy=\"1\" class=\"module_row themify_builder_row fullwidth_row_container tb_s0qn995 tf_w\">\n                        <div class=\"row_inner col_align_top tb_col_count_1 tf_box tf_rel\">\n                        <div  data-lazy=\"1\" class=\"module_column tb-column col-full tb_nkxd996 first\">\n                    <!-- module text -->\n<div  class=\"module module-text tb_nq63183   \" data-lazy=\"1\">\n        <div  class=\"tb_text_wrap\">\n        <h4 style=\"text-align: center;\">Odborn\u00fd garant podujatia: <b>MUDr. Hedviga PIVOVARN\u00cdKOV\u00c1<\/b><\/h4>\n<h2 style=\"text-align: center;\"><b>19. \u2013 20. 3. 2020<br \/><\/b><b>Hotel Partiz\u00e1n, T\u00e1le<\/b><\/h2>\n<p>\u00a0<\/p>\n<p style=\"text-align: center;\"><img loading=\"lazy\" decoding=\"async\" class=\"alignnone  wp-image-49\" src=\"http:\/\/kongres-kami.sk\/forum\/wp-content\/uploads\/2018\/04\/Roche-300x157.png\" alt=\"\" width=\"239\" height=\"125\" srcset=\"http:\/\/kongres-kami.sk\/forum\/wp-content\/uploads\/2018\/04\/Roche-300x157.png 300w, http:\/\/kongres-kami.sk\/forum\/wp-content\/uploads\/2018\/04\/Roche.png 435w\" sizes=\"auto, (max-width: 239px) 100vw, 239px\" \/><\/p>\n<p style=\"text-align: center;\">Akcia je podporen\u00e1 eduka\u010dn\u00fdm grantom Roche<\/p>\n<p style=\"text-align: justify;\">V\u00e1\u017een\u00ed z\u00e1kazn\u00edci,<br \/>v\u00e1\u017eime si V\u00e1\u0161 z\u00e1ujem o\u00a0\u00fa\u010das\u0165 na odbornom podujat\u00ed F\u00d3RUM MEDIC\u00cdNSKEJ DIAGNOSTIKY 2020, ktor\u00e9ho organiz\u00e1torom je Slovensk\u00e1 spolo\u010dnos\u0165 klinickej bioch\u00e9mie a\u00a0je podporen\u00e9 eduka\u010dn\u00fdm grantom firmy Roche Slovensko.<\/p>\n<p style=\"text-align: justify;\">Odborn\u00e9 podujatie sa malo kona\u0165 v d\u0148och 19. 3. \u2013 20. 3. 2020 v hoteli Partiz\u00e1n, T\u00e1le, Slovensko.<\/p>\n<p style=\"text-align: justify;\">Z\u00a0d\u00f4vodu mo\u017enej hrozby ovplyvnenia zdravia \u00fa\u010dastn\u00edkov podujatia koronav\u00edrusom (na za\u010diatku ozna\u010dovan\u00fdm ako nCoV-2019), ktor\u00fd m\u00e1 n\u00e1zov SARS-CoV-2 a choroba, ktor\u00fa sp\u00f4sobuje, m\u00e1 n\u00e1zov COVID-19 (z anglick\u00e9ho n\u00e1zvu COrona VIrus Disease 2019) a\u00a0na z\u00e1klade odpor\u00fa\u010dan\u00ed Virologick\u00e9ho \u00fastavu BMC SAV a\u00a0\u00daVZ SR &#8211; <b>nevyh\u013ead\u00e1va\u0165 miesta s\u00a0vysokou hustotou \u013eud\u00ed, ak to nie je nevyhnutn\u00e9, a\u00a0obmedzi\u0165 cestovanie na vedeck\u00e9 konferencie a\u00a0organizovanie konferenci\u00ed do \u010dasu, k\u00fdm sa neujasn\u00ed epidemiologick\u00e1 situ\u00e1cia, sa organiz\u00e1tori rozhodli prelo\u017ei\u0165 podujatie na in\u00fd term\u00edn.<\/b><\/p>\n<p style=\"text-align: justify;\">O\u00a0\u010dase a\u00a0mieste podujatia V\u00e1s budeme v\u010das informova\u0165.<\/p>\n<p style=\"text-align: justify;\">Ver\u00edme, \u017ee t\u00e1to skuto\u010dnos\u0165 neovplyvn\u00ed V\u00e1\u0161 z\u00e1ujem o odborn\u00e9 podujatie F\u00d3RUM MEDIC\u00cdNSKEJ DIAGNOSTIKY 2020.<\/p>\n<p style=\"text-align: right;\">Vopred V\u00e1m \u010fakujeme za Va\u0161e porozumenie.<\/p>    <\/div>\n<\/div>\n<!-- \/module text -->        <\/div>\n                        <\/div>\n        <\/div>\n                        <div  data-lazy=\"1\" class=\"module_row themify_builder_row tb_5ty7637 tf_w\">\n                        <div class=\"row_inner col_align_top tb_col_count_2 tf_box tf_rel\">\n                        <div  data-lazy=\"1\" class=\"module_column tb-column tb_jk2w637 first\">\n                    <!-- module text -->\n<div  class=\"module module-text tb_u7gy224   \" data-lazy=\"1\">\n        <div  class=\"tb_text_wrap\">\n        <h2>Inform\u00e1cie<\/h2>\n<p>\u00a0<\/p>\n<p><strong>Hodnotenie ARS CME:<\/strong><br \/>F\u00f3rum je zaraden\u00e9 do kontinu\u00e1lneho medic\u00ednskeho vzdel\u00e1vania ARS CME. Kredity s\u00fa \u00fa\u010dastn\u00edkovi priznan\u00e9 v\u00a0zmysle vyhl\u00e1\u0161ky MZ SR 74\/2019 Z. z. v\u00a0znen\u00ed neskor\u0161\u00edch predpisov a\u00a0na z\u00e1klade zmluvy medzi SLK\u00a0a\u00a0Eur\u00f3pskou akredita\u010dnou radou.<\/p>\n<p>\u00a0<\/p>\n<p><strong>Nepe\u0148a\u017en\u00e9 plnenie:<br \/><\/strong>Organiz\u00e1tor bude poskytova\u0165 nepe\u0148a\u017en\u00e9 plnenie pre \u00fa\u010dastn\u00edkov podujatia (ubytovanie).\u00a0Ak si \u00fa\u010dastn\u00edk hrad\u00ed poplatok s\u00e1m, nem\u00e1 povinnos\u0165 odvodu zr\u00e1\u017ekovej dane za nepe\u0148a\u017en\u00e9 plnenie\u00a0v zmysle Z\u00e1kona o\u00a0dani \u00a0z\u00a0pr\u00edjmov \u010d.\u00a0595\/2003 Z. z. v\u00a0znen\u00ed \u00a0neskor\u0161\u00edch predpisov.<\/p>\n<p>\u00a0<\/p>\n<p><strong>Organiza\u010dn\u00fd sekretari\u00e1t podujatia:<\/strong><br \/>Agent\u00fara KAMI, s. r. o., Letn\u00e1 82\/75, 052\u00a001 Spi\u0161sk\u00e1 Nov\u00e1 Ves<br \/><a href=\"https:\/\/www.agenturakami.sk\" target=\"_blank\" rel=\"noopener\"><img loading=\"lazy\" decoding=\"async\" class=\"alignleft wp-image-59\" src=\"http:\/\/kongres-kami.sk\/forum\/wp-content\/uploads\/2018\/04\/KAMI-logo.gif\" alt=\"\" width=\"120\" height=\"57\" \/><\/a>Mgr. Lucia Koz\u00e1kov\u00e1<br \/><em>tel.:<\/em> +421 948\u00a0270 880<br \/><em>e-mail:<\/em>\u00a0<a href=\"mailto:sekretariat@agenturakami.sk\">sekretariat@agenturakami.sk<\/a><\/p>\n<p>\u00a0<\/p>\n<p><img loading=\"lazy\" decoding=\"async\" class=\"alignnone size-medium\" src=\"http:\/\/www.recenzie-hotelov.sk\/foto\/1326\/1326-partizan.jpg\" width=\"600\" height=\"400\" \/><\/p>    <\/div>\n<\/div>\n<!-- \/module text -->        <\/div>\n                    <div  data-lazy=\"1\" class=\"module_column tb-column tb_w2l3638 last\">\n                    <!-- module plain text -->\n<div  class=\"module module-plain-text tb_5aza496 \" data-lazy=\"1\" id=\"form\">\n        <div class=\"tb_text_wrap\">\n    <h2>Registr\u00e1cia<\/h2><\/br>\n    <\/div>\n<\/div>\n<!-- \/module plain text -->        <\/div>\n                        <\/div>\n        <\/div>\n                        <div  data-anchor=\"program\" data-lazy=\"1\" class=\"module_row themify_builder_row tb_has_section tb_section-program tb_ozkt383 tf_w\">\n                        <div class=\"row_inner col_align_top tb_col_count_1 tf_box tf_rel\">\n                        <div  data-lazy=\"1\" class=\"module_column tb-column col-full tb_nmo1384 first\">\n                    <!-- module plain text -->\n<div  class=\"module module-plain-text tb_x7bv72 \" data-lazy=\"1\">\n        <div class=\"tb_text_wrap\">\n    <h2>Odborn\u00fd program<\/h2><\/br>\nORGANIZ\u00c1TORI SI VYHRADZUJ\u00da PR\u00c1VO NA ZMENU!    <\/div>\n<\/div>\n<!-- \/module plain text --><!-- module text -->\n<div  class=\"module module-text tb_0y9v173   \" data-lazy=\"1\">\n        <div  class=\"tb_text_wrap\">\n        <h3 style=\"text-align: center;\"><span style=\"color: #0096e8;\"><b>19.\u00a03.\u00a02020 \u0161tvrtok<\/b><\/span><\/h3>\n<hr \/>\n<p><span style=\"color: #d18900;\"><strong>11:00 \u2013 12:00 Registr\u00e1cia<\/strong><\/span><\/p>\n<p><span style=\"color: #d18900;\"><b>Uv\u00edtanie<span class=\"Apple-converted-space\">\u00a0<br \/><\/span><\/b><\/span><em>MUDr. Hedviga Pivovarn\u00edkov\u00e1, prezidentka SSKB<\/em><\/p>\n<p><span style=\"color: #d18900;\"><b>Sepsa \u2013 mo\u017enosti a\u00a0perspekt\u00edvy laborat\u00f3rnej diagnostiky<br \/><\/b><\/span><em>MUDr. J\u00e1n Vindi\u0161<\/em><b><\/b><\/p>\n<p><span style=\"color: #d18900;\"><b>Lipidov\u00fd a sacharidov\u00fd metabolizmus v gravidite<br \/><\/b><\/span><em>Prof. MUDr. Oliver R\u00e1cz, CSc.<\/em><\/p>\n<p><span style=\"color: #d18900;\"><b>Prote\u00edn S100 pri mikrotraum\u00e1ch mozgu<br \/><\/b><\/span><em>Doc. MUDr. J\u00e1n Lepej, PhD.<\/em><\/p>\n<p>\u00a0<\/p>\n<p>\u00a0<\/p>\n<p>\u00a0<\/p>\n<p>\u00a0<\/p>\n<p>\u00a0<\/p>\n<p style=\"text-align: center;\"><a href=\"http:\/\/kongres-kami.sk\/forum\/prednasky\/\" class=\"shortcode button orange xlarge  \">PREDN\u00c1\u0160KY \u21d2<\/a><\/p>\n<p>\u00a0<\/p>\n<h3 style=\"text-align: center;\"><span style=\"color: #0096e8;\"><b>20.\u00a03.\u00a02020 piatok<\/b><\/span><\/h3>\n<hr \/>\n<h3><span style=\"color: #d18900;\">Ak\u00fatna diagnostika \u2013 Markery sepsy<\/span><\/h3>\n<p><span style=\"color: #d18900;\"><b>V\u00fdznam<\/b> <\/span><b><span style=\"color: #d18900;\"> PCT pri septick\u00fdch stavoch<\/span><span class=\"Apple-converted-space\"><span style=\"color: #d18900;\">\u00a0<\/span><br \/><\/span><\/b><em>prof. Peter Kanizsai, MD, PhD.<\/em><\/p>\n<p><b><span style=\"color: #d18900;\">Vyu\u017eit\u00ed interleukinu-6 u akutn\u00edch stav\u016f<\/span><br \/><\/b><em>MUDr. Pavel Malina, PhD.<\/em><\/p>\n<p>Prest\u00e1vka<\/p>\n<h3><span style=\"color: #d18900;\">Zdravie \u017eien<\/span><\/h3>\n<p><span style=\"color: #d18900;\"><b>Modern\u00e1 diagnostika preeklampsie<br \/><\/b><\/span><em>MUDr. Erik Dosedla, PhD, MBA<\/em><\/p>\n<p><span style=\"color: #d18900;\"><b>Miesto AMH v s\u00fa\u010dasnej reproduk\u010dnej medic\u00edne<span class=\"Apple-converted-space\">\u00a0<br \/><\/span><\/b><\/span><em>MUDr. Peter Harbul\u00e1k, PhD.<\/em><\/p>\n<h3><span style=\"color: #d18900;\"><b>Personalizovan\u00e1 zdravotn\u00e1 starostlivos\u0165<\/b><\/span><\/h3>\n<p><span style=\"color: #d18900;\"><b>PHC \u2013 personalizovan\u00e1 zdravotn\u00e1 starostlivos\u0165 \u2013 sekvenovanie a\u00a0nov\u00e9 lie\u010div\u00e1 v onkol\u00f3gii<br \/><\/b><\/span><em>RNDr. Tom\u00e1\u0161 Szemes, PhD.<\/em><\/p>\n<p><b><span style=\"color: #d18900;\">Z\u00e1ver<\/span><br \/><\/b><em>MUDr. Hedviga Pivovarn\u00edkov\u00e1, prezidentka SSKB<\/em><\/p>    <\/div>\n<\/div>\n<!-- \/module text --><!-- module image -->\n<div  class=\"module module-image tb_mdtv906 image-top   tf_mw\" data-lazy=\"1\">\n        <div class=\"image-wrap tf_rel tf_mw\">\n            <img decoding=\"async\" src=\"https:\/\/kamnahorehroni.sk\/wp-content\/uploads\/2018\/05\/talska_basta_hotel_partizan-4.jpg\" title=\"F\u00f3rum medic\u00ednskej diagnostiky\" alt=\"F\u00f3rum medic\u00ednskej diagnostiky\">    \n        <\/div>\n    <!-- \/image-wrap -->\n    \n        <\/div>\n<!-- \/module image -->        <\/div>\n                        <\/div>\n        <\/div>\n        <\/div>\n<!--\/themify_builder_content-->","protected":false},"excerpt":{"rendered":"<p>F\u00f3rum medic\u00ednskej diagnostiky 2020Inov\u00e1cia prostredn\u00edctvom medic\u00ednskej hodnoty a&nbsp;laborat\u00f3rnej efektivity. PROGRAM REGISTR\u00c1CIA Odborn\u00fd garant podujatia: MUDr. Hedviga PIVOVARN\u00cdKOV\u00c1 19. \u2013 20.&nbsp;3.&nbsp;2020Hotel Partiz\u00e1n, T\u00e1le \u00a0 Akcia je podporen\u00e1 eduka\u010dn\u00fdm grantom Roche V\u00e1\u017een\u00ed [&hellip;]<\/p>\n","protected":false},"author":1,"featured_media":0,"parent":0,"menu_order":0,"comment_status":"closed","ping_status":"closed","template":"template-page-builder-no-header-footer.php","meta":{"footnotes":""},"class_list":["post-217","page","type-page","status-publish","hentry","clearfix"],"_links":{"self":[{"href":"http:\/\/kongres-kami.sk\/forum\/wp-json\/wp\/v2\/pages\/217","targetHints":{"allow":["GET"]}}],"collection":[{"href":"http:\/\/kongres-kami.sk\/forum\/wp-json\/wp\/v2\/pages"}],"about":[{"href":"http:\/\/kongres-kami.sk\/forum\/wp-json\/wp\/v2\/types\/page"}],"author":[{"embeddable":true,"href":"http:\/\/kongres-kami.sk\/forum\/wp-json\/wp\/v2\/users\/1"}],"replies":[{"embeddable":true,"href":"http:\/\/kongres-kami.sk\/forum\/wp-json\/wp\/v2\/comments?post=217"}],"version-history":[{"count":3,"href":"http:\/\/kongres-kami.sk\/forum\/wp-json\/wp\/v2\/pages\/217\/revisions"}],"predecessor-version":[{"id":276,"href":"http:\/\/kongres-kami.sk\/forum\/wp-json\/wp\/v2\/pages\/217\/revisions\/276"}],"wp:attachment":[{"href":"http:\/\/kongres-kami.sk\/forum\/wp-json\/wp\/v2\/media?parent=217"}],"curies":[{"name":"wp","href":"https:\/\/api.w.org\/{rel}","templated":true}]}}