{"id":168,"date":"2017-10-27T11:37:51","date_gmt":"2017-10-27T09:37:51","guid":{"rendered":"http:\/\/kongres-kami.sk\/land\/?page_id=168"},"modified":"2017-11-06T11:38:29","modified_gmt":"2017-11-06T10:38:29","slug":"postery","status":"publish","type":"page","link":"https:\/\/kongres-kami.sk\/land\/postery\/","title":{"rendered":"Postery"},"content":{"rendered":"<p><span style=\"font-size: 20px;\">Prihl\u00e1senie akt\u00edvnej \u00fa\u010dasti formou POSTERU: <\/span><strong style=\"font-size: 20px;\">do 31.\u00a010.\u00a02017<\/strong><\/p>\n<p>Postery bud\u00fa na konferencii prezentovan\u00e9 formou E-posterov v\u00a0elektronick\u00fdch kioskoch.\u00a0<span style=\"background-color: #ffff99;\"><a href=\"https:\/\/kongres-kami.sk\/land\/wp-content\/uploads\/2017\/10\/vzory-posterov.zip\"><strong>\u00a0Vzory e-posterov na stiahnutie\u00a0<\/strong><\/a><\/span><\/p>\n<hr \/>\n<p><b>1. Spomienky na 50 rokov R\u00e1diologickej kliniky JLF UK v\u00a0Martine<br \/>\n <\/b><span style=\"font-size: 20px;\">Pol\u00e1\u010dek H., Ka\u0161uba J., Zele\u0148\u00e1k K., \u0160tev\u00edk M., Benko M., Kov\u00e1\u010dik A., Vi\u0161\u0148ovcov\u00e1 N., Zibolenov\u00e1 G. \u2013 Martin, Slovensko<\/span><\/p>\n<p><span style=\"font-size: 20px;\"><b>2.<\/b><\/span><b> <\/b><span style=\"font-size: 20px;\"><b>CT perf\u00fazia ako podporn\u00fd n\u00e1stroj diagnostick\u00e9ho rie\u0161enia ak\u00fatnych stavov sprev\u00e1dzaj\u00facich alebo imituj\u00facich NCMP \u2013 kazuistiky<br \/>\n <\/b><\/span><span style=\"font-size: 20px;\">Juskani\u010d D. \u2013 Nitra, Slovensko<\/span><\/p>\n<p><span style=\"font-size: 20px;\"><b>3.<\/b><\/span><b> <\/b><span style=\"font-size: 20px;\"><b>Endovaskul\u00e1rna lie\u010dba rekurentnej tromb\u00f3zy bazil\u00e1rnej art\u00e9rie<br \/>\n <\/b><\/span><span style=\"font-size: 20px;\">Har\u0161\u00e1ny J., Krastev G., Haring J., Mako M., Rusina M., Klepanec A. \u2013 Trnava, Slovensko<\/span><\/p>\n<p><span style=\"font-size: 20px;\"><b>4.<\/b><\/span><b> <\/b><span style=\"font-size: 20px;\"><b>Jeden de\u0148 pr\u00e1ce na endovaskul\u00e1rnom pracovisku &#8211; kazuistiky pacientov s NCMP<br \/>\n <\/b><\/span><span style=\"font-size: 20px;\">Haring J.,\u00a0 Krastev G., Klepanec A., Mako M., Har\u0161\u00e1ny J., Rusina M., Lackovi\u010d R., Moko\u0161ov\u00e1 L., Zaji\u010dkov\u00e1 I., \u0160tevkov\u00e1 Z., Kov\u00e1csov\u00e1 \u017d., Do\u0161ekov\u00e1 P., Cis\u00e1r J., Be\u0148ov\u00e1 \u013d., Cab\u00fakov\u00e1 M. \u2013 Trnava, Slovensko<\/span><\/p>\n<p><span style=\"font-size: 20px;\"><b>5.<\/b><\/span><b> <\/b><span style=\"font-size: 20px;\"><b>Acute stroke endovascular treatement \u2013 ICA to ECA cloth translocation \u2013 case report<br \/>\n <\/b><\/span><span style=\"font-size: 20px;\">Vor\u010d\u00e1k M., S\u00fdkora J., Zele\u0148\u00e1k K., Dluh\u00e1 J. \u2013 Martin, Slovensko<\/span><\/p>\n<p><span style=\"font-size: 20px;\"><b>6.<\/b><\/span><b> <\/b><span style=\"font-size: 20px;\"><b>Tromb\u00f3za \u017eilov\u00fdch splavov a hlbok\u00fdch \u017e\u00edl mozgu \u2013 kazuistika<br \/>\n <\/b><\/span><span style=\"font-size: 20px;\">Krko\u0161ka A., Zele\u0148\u00e1k K., \u0160tev\u00edk M., Zele\u0148\u00e1kov\u00e1 J., S\u00fdkora J., Vor\u010d\u00e1k M. \u2013 Martin, Slovensko<\/span><\/p>\n<p><span style=\"font-size: 20px;\"><b>7.<\/b><\/span><b> <\/b><span style=\"font-size: 20px;\"><b>Prv\u00e9 kroky k radio-genomickej korel\u00e1cii u pacientov s gliov\u00fdmi tumormi na Slovensku<br \/>\n <\/b><\/span><span style=\"font-size: 20px;\">Juskani\u010d D., Holl\u00fd S. \u2013 Nitra, Slovensko<\/span><\/p>\n<p><span style=\"font-size: 20px;\"><b>8.<\/b><\/span><b> <\/b><span style=\"font-size: 20px;\"><b>Gliosark\u00f3m = vz\u00e1cny variant glioblast\u00f3mu \u2013 kazuistika<br \/>\n <\/b><\/span><span style=\"font-size: 20px;\">Macurov\u00e1 B., Zele\u0148\u00e1k K., \u0160tev\u00edk M., Kolarovszki B., Bitt\u0161ansk\u00fd M. \u2013 Martin, Slovensko<\/span><\/p>\n<p><span style=\"font-size: 20px;\"><b>9.<\/b><\/span><b> <\/b><span style=\"font-size: 20px;\"><b>Tumory hypof\u00fdzy \u2013 kazuistiky<br \/>\n <\/b><\/span><span style=\"font-size: 20px;\">Vete\u0161kov\u00e1 \u0160., Mikulcov\u00e1 L., Zele\u0148\u00e1k K., \u0160tev\u00edk M., Siv\u00e1k \u0160., Ka\u0161ovi\u010d P., Morav\u010d\u00edkov\u00e1 E. \u2013 Martin, Slovensko<\/span><\/p>\n<p><span style=\"font-size: 20px;\"><b>10.<\/b><\/span><b> <\/b><span style=\"font-size: 20px;\"><b>Atypick\u00e9 subarachnoid\u00e1lne krv\u00e1canie pri tromb\u00f3ze kortik\u00e1lnej v\u00e9ny<br \/>\n <\/b><\/span>S\u00fdkora J., Zele\u0148\u00e1k K., Vor\u010d\u00e1k M. \u2013 Martin, Slovensko<\/p>\n<p><span style=\"font-size: 20px;\"><b>11.<\/b><\/span><b> <\/b><span style=\"font-size: 20px;\"><b>Tumory hypof\u00fdzy \u2013 kazuistiky<br \/>\n <\/b><\/span><span style=\"font-size: 20px;\">Vete\u0161kov\u00e1 \u0160., Mikulcov\u00e1 L., Zele\u0148\u00e1k K., \u0160tev\u00edk M., Siv\u00e1k \u0160., Ka\u0161ovi\u010d P., Morav\u010d\u00edkov\u00e1 E. \u2013 Martin, \u013duboch\u0148a, Slovensko<\/span><\/p>\n<p><span style=\"font-size: 20px;\"><b>12.<\/b><\/span><span style=\"font-size: 20px;\"><b>\u00a0<\/b><\/span><span style=\"font-size: 20px;\"><b>R\u00e1diologick\u00e1 diagnostika skler\u00f3zy multiplex<br \/>\n <\/b><\/span>Vajdov\u00e1 V., Zele\u0148\u00e1k K., \u0160tev\u00edk M., Tretina M., Ko\u0161\u00edk M., Tar\u010d\u00e1k M. \u2013 Martin, Slovensko<\/p>\n<p><span style=\"font-size: 20px;\"><b>13.<\/b><\/span><span style=\"font-size: 20px;\"><b>\u00a0<\/b><\/span><span style=\"font-size: 20px;\"><b>Tuberkul\u00f3za centr\u00e1lneho nervov\u00e9ho syst\u00e9mu<br \/>\n <\/b><\/span><span style=\"font-size: 20px;\">Bobulov\u00e1 A., Zele\u0148\u00e1k K., \u0160tev\u00edk M. \u2013 Martin, Slovensko<\/span><\/p>\n","protected":false},"excerpt":{"rendered":"<p>Prihl\u00e1senie akt\u00edvnej \u00fa\u010dasti formou POSTERU: do 31.\u00a010.\u00a02017 Postery bud\u00fa na konferencii prezentovan\u00e9 formou E-posterov v\u00a0elektronick\u00fdch kioskoch.\u00a0\u00a0Vzory e-posterov na stiahnutie\u00a0 1. Spomienky na 50 rokov R\u00e1diologickej kliniky JLF UK v\u00a0Martine Pol\u00e1\u010dek <a href=\"https:\/\/kongres-kami.sk\/land\/postery\/\" class=\"more-link\">[&hellip;]<\/a><\/p>\n","protected":false},"author":1,"featured_media":0,"parent":0,"menu_order":3,"comment_status":"closed","ping_status":"closed","template":"","meta":{"Layout":"","footnotes":""},"class_list":["entry","author-lucian-cmorej","post-168","page","type-page","status-publish"],"_links":{"self":[{"href":"https:\/\/kongres-kami.sk\/land\/wp-json\/wp\/v2\/pages\/168","targetHints":{"allow":["GET"]}}],"collection":[{"href":"https:\/\/kongres-kami.sk\/land\/wp-json\/wp\/v2\/pages"}],"about":[{"href":"https:\/\/kongres-kami.sk\/land\/wp-json\/wp\/v2\/types\/page"}],"author":[{"embeddable":true,"href":"https:\/\/kongres-kami.sk\/land\/wp-json\/wp\/v2\/users\/1"}],"replies":[{"embeddable":true,"href":"https:\/\/kongres-kami.sk\/land\/wp-json\/wp\/v2\/comments?post=168"}],"version-history":[{"count":5,"href":"https:\/\/kongres-kami.sk\/land\/wp-json\/wp\/v2\/pages\/168\/revisions"}],"predecessor-version":[{"id":196,"href":"https:\/\/kongres-kami.sk\/land\/wp-json\/wp\/v2\/pages\/168\/revisions\/196"}],"wp:attachment":[{"href":"https:\/\/kongres-kami.sk\/land\/wp-json\/wp\/v2\/media?parent=168"}],"curies":[{"name":"wp","href":"https:\/\/api.w.org\/{rel}","templated":true}]}}