{"id":2,"date":"2017-06-01T14:50:46","date_gmt":"2017-06-01T12:50:46","guid":{"rendered":"http:\/\/kongres-kami.sk\/land\/?page_id=2"},"modified":"2017-11-06T11:37:28","modified_gmt":"2017-11-06T10:37:28","slug":"sample-page","status":"publish","type":"page","link":"https:\/\/kongres-kami.sk\/land\/","title":{"rendered":"Inform\u00e1cie"},"content":{"rendered":"<h4>Nad podujat\u00edm prevzali z\u00e1\u0161titu:<\/h4>\n<p>Prof. MUDr. J\u00e1n Danko, CSc.<strong><br \/>\n <\/strong><em>Dekan Jesseniovej lek\u00e1rskej fakulty Univerzity Komensk\u00e9ho<\/em><\/p>\n<p>MUDr. Du\u0161an Krko\u0161ka, PhD., MBA<strong><br \/>\n <\/strong><em>Riadite\u013e Univerzitnej nemocnice Martin<\/em><\/p>\n<p>Mgr. art. Andrej Hrn\u010diar<br \/>\n<em>prim\u00e1tor mesta Martin<\/em><\/p>\n<h4>Organiz\u00e1tori:<\/h4>\n<p><strong>R\u00e1diologick\u00e1 klinika JLF UK a UNM<\/strong><br \/>\n <strong> Slovensk\u00e1 r\u00e1diologick\u00e1 spolo\u010dnos\u0165, organiza\u010dn\u00e1 zlo\u017eka SLS<br \/>\n<\/strong><\/p>\n<p><em>pri pr\u00edle\u017eitosti 50. v\u00fdro\u010dia zalo\u017eenia R\u00e1diologickej kliniky JLF UK a UNM<\/em><\/p>\n<h4>T\u00e9my konferencie:<\/h4>\n<blockquote>\n<p class=\"gmail-msolistparagraph\"><strong>\u2014 ischemick\u00e9 CMP<\/strong><br \/>\n <strong> \u2014 hemoragick\u00e9 CMP<\/strong><br \/>\n <strong> \u2014 n\u00e1dory<\/strong><br \/>\n <strong> \u2014 varia<\/strong><\/p>\n<\/blockquote>\n","protected":false},"excerpt":{"rendered":"<p>Nad podujat\u00edm prevzali z\u00e1\u0161titu: Prof. MUDr. J\u00e1n Danko, CSc. Dekan Jesseniovej lek\u00e1rskej fakulty Univerzity Komensk\u00e9ho MUDr. Du\u0161an Krko\u0161ka, PhD., MBA Riadite\u013e Univerzitnej nemocnice Martin Mgr. art. Andrej Hrn\u010diar prim\u00e1tor mesta <a href=\"https:\/\/kongres-kami.sk\/land\/\" class=\"more-link\">[&hellip;]<\/a><\/p>\n","protected":false},"author":1,"featured_media":0,"parent":0,"menu_order":1,"comment_status":"closed","ping_status":"closed","template":"","meta":{"Layout":"","footnotes":""},"class_list":["entry","author-lucian-cmorej","post-2","page","type-page","status-publish"],"_links":{"self":[{"href":"https:\/\/kongres-kami.sk\/land\/wp-json\/wp\/v2\/pages\/2","targetHints":{"allow":["GET"]}}],"collection":[{"href":"https:\/\/kongres-kami.sk\/land\/wp-json\/wp\/v2\/pages"}],"about":[{"href":"https:\/\/kongres-kami.sk\/land\/wp-json\/wp\/v2\/types\/page"}],"author":[{"embeddable":true,"href":"https:\/\/kongres-kami.sk\/land\/wp-json\/wp\/v2\/users\/1"}],"replies":[{"embeddable":true,"href":"https:\/\/kongres-kami.sk\/land\/wp-json\/wp\/v2\/comments?post=2"}],"version-history":[{"count":5,"href":"https:\/\/kongres-kami.sk\/land\/wp-json\/wp\/v2\/pages\/2\/revisions"}],"predecessor-version":[{"id":115,"href":"https:\/\/kongres-kami.sk\/land\/wp-json\/wp\/v2\/pages\/2\/revisions\/115"}],"wp:attachment":[{"href":"https:\/\/kongres-kami.sk\/land\/wp-json\/wp\/v2\/media?parent=2"}],"curies":[{"name":"wp","href":"https:\/\/api.w.org\/{rel}","templated":true}]}}