{"id":30,"date":"2017-06-05T08:24:06","date_gmt":"2017-06-05T06:24:06","guid":{"rendered":"http:\/\/kongres-kami.sk\/land\/?page_id=30"},"modified":"2017-11-13T10:48:27","modified_gmt":"2017-11-13T09:48:27","slug":"registracia","status":"publish","type":"page","link":"https:\/\/kongres-kami.sk\/land\/registracia\/","title":{"rendered":"Registr\u00e1cia"},"content":{"rendered":"<table style=\"width: 100%;\">\n<tbody>\n<tr>\n<td style=\"width: 289px;\"><strong>REGISTRA\u010cN\u00dd POPLATOK<\/strong><\/td>\n<td style=\"text-align: center; width: 227.125px;\">\u00a0<\/td>\n<td style=\"text-align: center; width: 328.875px;\"><strong>od 16.\u00a09.\u00a02017 a\u00a0na mieste<\/strong><\/td>\n<\/tr>\n<tr>\n<td style=\"width: 289px;\">\u00da\u010dastn\u00edk konferencie<\/td>\n<td style=\"text-align: center; width: 227.125px;\">\u00a0<\/td>\n<td style=\"text-align: center; width: 328.875px;\">70 + 15\u2008\u20ac<\/td>\n<\/tr>\n<\/tbody>\n<\/table>\n<p><b>1. autor neplat\u00ed registra\u010dn\u00fd poplatok.<\/b><\/p>\n<p><em>V\u00a0cene registr\u00e1cie je zahrnut\u00e9:<\/em> konferen\u010dn\u00fd bal\u00ed\u010dek + poplatok za stravovanie.<\/p>\n<h4>NEPE\u0147A\u017dN\u00c9 PLNENIE<\/h4>\n<p>Organiz\u00e1tor nebude poskytova\u0165 nepe\u0148a\u017en\u00e9 plnenie pre \u00fa\u010dastn\u00edkov podujatia. Ak si \u00fa\u010dastn\u00edk hrad\u00ed registra\u010dn\u00fd poplatok s\u00e1m, nem\u00e1 povinnos\u0165 odvodu zr\u00e1\u017ekovej dane za nepe\u0148a\u017en\u00e9 plnenie v\u00a0zmysle Z\u00e1kona o\u00a0dani z\u00a0pr\u00edjmov \u010d.\u00a0595\/2003 Z. z. v\u00a0znen\u00ed neskor\u0161\u00edch predpisov.<br \/>\n Registra\u010dn\u00fd poplatok uhra\u010fte pros\u00edm na \u00fa\u010det:<\/p>\n<p><em>N\u00e1zov \u00fa\u010dtu:<\/em> Agent\u00fara KAMI, s. r. o., Letn\u00e1 70, 052 01 Spi\u0161sk\u00e1 Nov\u00e1 Ves<br \/>\n <em>Pe\u0148a\u017en\u00fd \u00fastav:<\/em> OTP Banka Slovensko,\u00a0a.\u00a0s.<br \/>\n <em>\u010c\u00edslo \u00fa\u010dtu v\u00a0tvare IBAN:<\/em> <strong>SK2952000000000009470420<\/strong><br \/>\n <em>SWIFT:<\/em> OTPVSKBX<br \/>\n <em>Variabiln\u00fd symbol:<\/em> bude V\u00e1m priraden\u00fd po zaregistrovan\u00ed sa<br \/>\n <em>Kon\u0161tantn\u00fd symbol:<\/em> 0308<\/p>\n<p>Konferencia je zaraden\u00e1 do kontinu\u00e1lneho medic\u00ednskeho vzdel\u00e1vania ARS CME. Kredity bud\u00fa \u00fa\u010dastn\u00edkovi priznan\u00e9 v\u00a0zmysle vyhl\u00e1\u0161ky MZ SR 366 \/ 2005 Z.z. v\u00a0znen\u00ed neskor\u0161\u00edch predpisov a\u00a0na z\u00e1klade zmluvy medzi SLK a\u00a0Eur\u00f3pskou akredita\u010dnou radou. Potvrdenie o\u00a0\u00fa\u010dasti na vzdel\u00e1vacej aktivite CME si n\u00e1jdu \u00fa\u010dastn\u00edci na str\u00e1nke <a href=\"https:\/\/ks.lekom.sk\" target=\"_blank\" rel=\"noopener\">https:\/\/ks.lekom.sk<\/a>\u00a0\u2013 z\u00f3na pre lek\u00e1rov, po prihl\u00e1sen\u00ed do svojho konta pod n\u00e1zvom danej aktivity.<\/p>\n<p>&nbsp;<\/p>\n<h3 style=\"text-align: center;\"><span style=\"color: #ff0000;\"><strong>REGISTR\u00c1CIA ON-LINE UKON\u010cEN\u00c1!<\/strong><\/span><br \/>\n <span style=\"color: #ff0000;\"><strong> MO\u017dN\u00c1 NA MIESTE KONANIA KONFERENCIE.<\/strong><\/span><\/h3>\n<p>&nbsp;<\/p>\n<p>Pre viac inform\u00e1ci\u00ed p\u00ed\u0161te na\u00a0<a href=\"mailto:kami@agenturakami.sk\">kami@agenturakami.sk<\/a><\/p>\n","protected":false},"excerpt":{"rendered":"<p>REGISTRA\u010cN\u00dd POPLATOK \u00a0 od 16.\u00a09.\u00a02017 a\u00a0na mieste \u00da\u010dastn\u00edk konferencie \u00a0 70 + 15\u2008\u20ac 1. autor neplat\u00ed registra\u010dn\u00fd poplatok. V\u00a0cene registr\u00e1cie je zahrnut\u00e9: konferen\u010dn\u00fd bal\u00ed\u010dek + poplatok za stravovanie. NEPE\u0147A\u017dN\u00c9 PLNENIE <a href=\"https:\/\/kongres-kami.sk\/land\/registracia\/\" class=\"more-link\">[&hellip;]<\/a><\/p>\n","protected":false},"author":1,"featured_media":0,"parent":0,"menu_order":4,"comment_status":"closed","ping_status":"closed","template":"","meta":{"Layout":"","footnotes":""},"class_list":["entry","author-lucian-cmorej","post-30","page","type-page","status-publish"],"_links":{"self":[{"href":"https:\/\/kongres-kami.sk\/land\/wp-json\/wp\/v2\/pages\/30","targetHints":{"allow":["GET"]}}],"collection":[{"href":"https:\/\/kongres-kami.sk\/land\/wp-json\/wp\/v2\/pages"}],"about":[{"href":"https:\/\/kongres-kami.sk\/land\/wp-json\/wp\/v2\/types\/page"}],"author":[{"embeddable":true,"href":"https:\/\/kongres-kami.sk\/land\/wp-json\/wp\/v2\/users\/1"}],"replies":[{"embeddable":true,"href":"https:\/\/kongres-kami.sk\/land\/wp-json\/wp\/v2\/comments?post=30"}],"version-history":[{"count":4,"href":"https:\/\/kongres-kami.sk\/land\/wp-json\/wp\/v2\/pages\/30\/revisions"}],"predecessor-version":[{"id":233,"href":"https:\/\/kongres-kami.sk\/land\/wp-json\/wp\/v2\/pages\/30\/revisions\/233"}],"wp:attachment":[{"href":"https:\/\/kongres-kami.sk\/land\/wp-json\/wp\/v2\/media?parent=30"}],"curies":[{"name":"wp","href":"https:\/\/api.w.org\/{rel}","templated":true}]}}