{"id":39,"date":"2017-06-05T09:59:28","date_gmt":"2017-06-05T07:59:28","guid":{"rendered":"http:\/\/kongres-kami.sk\/land\/?page_id=39"},"modified":"2025-02-11T13:21:16","modified_gmt":"2025-02-11T12:21:16","slug":"ubytovanie","status":"publish","type":"page","link":"https:\/\/kongres-kami.sk\/land\/ubytovanie\/","title":{"rendered":"Ubytovanie"},"content":{"rendered":"<h3><b>ZABEZPE\u010cENIE UBYTOVANIA<\/b><\/h3>\n<p>Ubytovanie pre \u00fa\u010dastn\u00edkov konferencie zabezpe\u010duje Agent\u00fara KAMI,\u00a0s.\u00a0r.\u00a0o.,<br \/>\npre viac inform\u00e1ci\u00ed p\u00ed\u0161te na\u00a0<a href=\"mailto:kami@agenturakami.sk\">kami@agenturakami.sk<\/a><\/p>\n<h4>\u00a0<\/h4>\n<h4><del>Hotel Victoria ****<\/del><\/h4>\n<p><del><img loading=\"lazy\" decoding=\"async\" class=\"size-medium wp-image-154 alignright\" src=\"https:\/\/kongres-kami.sk\/land\/wp-content\/uploads\/2017\/06\/Victoria-300x186.jpg\" alt=\"\" width=\"300\" height=\"186\" srcset=\"https:\/\/kongres-kami.sk\/land\/wp-content\/uploads\/2017\/06\/Victoria-300x186.jpg 300w, https:\/\/kongres-kami.sk\/land\/wp-content\/uploads\/2017\/06\/Victoria-768x476.jpg 768w, https:\/\/kongres-kami.sk\/land\/wp-content\/uploads\/2017\/06\/Victoria.jpg 1024w, https:\/\/kongres-kami.sk\/land\/wp-content\/uploads\/2017\/06\/Victoria-808x500.jpg 808w\" sizes=\"auto, (max-width: 300px) 100vw, 300px\" \/><\/del><\/p>\n<p><del>Dvojl\u00f4\u017ekov\u00e1 izba \u2013 89 EUR<\/del><br \/>\n<del> Dvojl\u00f4\u017ekov\u00e1 izba obsaden\u00e1 1 osobou \u2013 75 EUR<\/del><br \/>\n<del> Miestny poplatok \u2013 0,50 EUR\/noc\/osoba<\/del><\/p>\n<p><del> <em>Vzdialenos\u0165 od hotela TURIEC cca 4 km<\/em><\/del><\/p>\n<p>&nbsp;<\/p>\n<h4><del>Penzi\u00f3n MartINN<\/del><\/h4>\n<h4><del><img loading=\"lazy\" decoding=\"async\" class=\"size-medium wp-image-70 alignright\" src=\"https:\/\/kongres-kami.sk\/land\/wp-content\/uploads\/2017\/07\/penzi\u00f3n-MartINN-300x225.jpg\" alt=\"\" width=\"300\" height=\"225\" srcset=\"https:\/\/kongres-kami.sk\/land\/wp-content\/uploads\/2017\/07\/penzi\u00f3n-MartINN-300x225.jpg 300w, https:\/\/kongres-kami.sk\/land\/wp-content\/uploads\/2017\/07\/penzi\u00f3n-MartINN-175x131.jpg 175w, https:\/\/kongres-kami.sk\/land\/wp-content\/uploads\/2017\/07\/penzi\u00f3n-MartINN.jpg 640w\" sizes=\"auto, (max-width: 300px) 100vw, 300px\" \/><\/del><\/h4>\n<p><del>Dvojl\u00f4\u017ekov\u00e1 izba \u2013 60 EUR<\/del><\/p>\n<p><del>Dvojl\u00f4\u017ekov\u00e1 izba obsaden\u00e1 1 osobou \u2013 45 EUR<\/del><br \/>\n<del> Apartm\u00e1n mal\u00fd \u2013 65 EUR<\/del><br \/>\n<del> Apartm\u00e1n mal\u00fd obsaden\u00fd 1 osobou \u2013 50 EUR<\/del><br \/>\n<del> Miestny poplatok \u2013 0,50 EUR\/noc\/osoba<\/del><\/p>\n<p><del> <em>Vzdialenos\u0165 od hotela TURIEC cca 500m<\/em><\/del><\/p>\n<h4>\u00a0<\/h4>\n<h4>Penzi\u00f3n \u010cierna pani<img loading=\"lazy\" decoding=\"async\" class=\"size-medium wp-image-71 alignright\" src=\"https:\/\/kongres-kami.sk\/land\/wp-content\/uploads\/2017\/07\/penzi\u00f3n-\u010cierna-pani-300x225.jpeg\" alt=\"\" width=\"300\" height=\"225\" srcset=\"https:\/\/kongres-kami.sk\/land\/wp-content\/uploads\/2017\/07\/penzi\u00f3n-\u010cierna-pani-300x225.jpeg 300w, https:\/\/kongres-kami.sk\/land\/wp-content\/uploads\/2017\/07\/penzi\u00f3n-\u010cierna-pani-768x576.jpeg 768w, https:\/\/kongres-kami.sk\/land\/wp-content\/uploads\/2017\/07\/penzi\u00f3n-\u010cierna-pani-175x131.jpeg 175w, https:\/\/kongres-kami.sk\/land\/wp-content\/uploads\/2017\/07\/penzi\u00f3n-\u010cierna-pani-667x500.jpeg 667w, https:\/\/kongres-kami.sk\/land\/wp-content\/uploads\/2017\/07\/penzi\u00f3n-\u010cierna-pani.jpeg 800w\" sizes=\"auto, (max-width: 300px) 100vw, 300px\" \/><\/h4>\n<p>Dvojl\u00f4\u017ekov\u00e1 izba \u2013 47 EUR<br \/>\nDvojl\u00f4\u017ekov\u00e1 izba obsaden\u00e1 1 osobou \u2013 32 EUR<\/p>\n<p><em>Vzdialenos\u0165 od hotela TURIEC cca 900 m<\/em><\/p>\n","protected":false},"excerpt":{"rendered":"<p>ZABEZPE\u010cENIE UBYTOVANIA Ubytovanie pre \u00fa\u010dastn\u00edkov konferencie zabezpe\u010duje Agent\u00fara KAMI,\u00a0s.\u00a0r.\u00a0o., pre viac inform\u00e1ci\u00ed p\u00ed\u0161te na\u00a0kami@agenturakami.sk \u00a0 Hotel Victoria **** Dvojl\u00f4\u017ekov\u00e1 izba \u2013 89 EUR Dvojl\u00f4\u017ekov\u00e1 izba obsaden\u00e1 1 osobou \u2013 75 <a href=\"https:\/\/kongres-kami.sk\/land\/ubytovanie\/\" class=\"more-link\">[&hellip;]<\/a><\/p>\n","protected":false},"author":1,"featured_media":0,"parent":0,"menu_order":5,"comment_status":"closed","ping_status":"closed","template":"","meta":{"Layout":"","footnotes":""},"class_list":["entry","author-lucian-cmorej","post-39","page","type-page","status-publish"],"_links":{"self":[{"href":"https:\/\/kongres-kami.sk\/land\/wp-json\/wp\/v2\/pages\/39","targetHints":{"allow":["GET"]}}],"collection":[{"href":"https:\/\/kongres-kami.sk\/land\/wp-json\/wp\/v2\/pages"}],"about":[{"href":"https:\/\/kongres-kami.sk\/land\/wp-json\/wp\/v2\/types\/page"}],"author":[{"embeddable":true,"href":"https:\/\/kongres-kami.sk\/land\/wp-json\/wp\/v2\/users\/1"}],"replies":[{"embeddable":true,"href":"https:\/\/kongres-kami.sk\/land\/wp-json\/wp\/v2\/comments?post=39"}],"version-history":[{"count":5,"href":"https:\/\/kongres-kami.sk\/land\/wp-json\/wp\/v2\/pages\/39\/revisions"}],"predecessor-version":[{"id":242,"href":"https:\/\/kongres-kami.sk\/land\/wp-json\/wp\/v2\/pages\/39\/revisions\/242"}],"wp:attachment":[{"href":"https:\/\/kongres-kami.sk\/land\/wp-json\/wp\/v2\/media?parent=39"}],"curies":[{"name":"wp","href":"https:\/\/api.w.org\/{rel}","templated":true}]}}