{"id":2,"date":"2017-02-16T09:03:00","date_gmt":"2017-02-16T09:03:00","guid":{"rendered":"http:\/\/kongres-kami.sk\/psychoterapia\/?page_id=2"},"modified":"2025-05-28T11:12:09","modified_gmt":"2025-05-28T09:12:09","slug":"psychoterapia","status":"publish","type":"page","link":"https:\/\/kongres-kami.sk\/psychoterapia\/","title":{"rendered":"Psychoterapia"},"content":{"rendered":"<!--themify_builder_content-->\n<div id=\"themify_builder_content-2\" data-postid=\"2\" class=\"themify_builder_content themify_builder_content-2 themify_builder tf_clear\">\n                    <div data-lazy=\"1\" class=\"module_row themify_builder_row tb_q4xn182 tb_first tf_w\">\n                        <div class=\"row_inner col_align_top tb_col_count_1 tf_box tf_rel\">\n                        <div data-lazy=\"1\" class=\"module_column tb-column col-full tb_lau9182 first\">\n                    <!-- module box -->\n<div class=\"module module-box tb_6e4r887 \" data-lazy=\"1\">\n    <div class=\"module-box-content ui rounded embossed shadow green\">\n                <div class=\"tb_text_wrap\"><p style=\"text-align: center;\">V\u00e1\u017ee\u00adn\u00ed \u00fa\u010dast\u00adn\u00ed\u00adci, orga\u00adni\u00adza\u010d\u00adn\u00e9 poky\u00adny oh\u013ea\u00addom On-line pri\u00adpo\u00adje\u00adnia V\u00e1m bud\u00fa zasla\u00adn\u00e9 2&nbsp;dni pred za\u010diat\u00adkom kon\u00adfe\u00adren\u00adcie. \u010eaku\u00adje\u00adme za pochopenie.<\/p><\/div>\n    <\/div>\n<\/div>\n<!-- \/module box -->\n<!-- module text -->\n<div class=\"module module-text tb_w5dl257 noTypo  \" data-lazy=\"1\">\n        <div class=\"tb_text_wrap\">\n        <p style=\"text-align: center;\">Slovensk\u00e1 psychoterapeutick\u00e1 spolo\u010dnos\u0165<br>\u010cesk\u00e1 psychoterapeutick\u00e1 spole\u010dnost \u010cLS JEP<br>v spolupr\u00e1ci so SLK<\/p>\n<p style=\"text-align: center;\">V\u00e1s poz\u00fdvaj\u00fa na<\/p>\n<h1 style=\"text-align: center;\"><span style=\"color: #328a7b;\"><strong>XXXV. \u010cESKO-SLOVENSK\u00da<br>PSYCHOTERAPEUTICK\u00da<br>KONFERENCIU<\/strong><\/span><\/h1>\n<h1 style=\"text-align: center;\"><span style=\"color: #328a7b;\"><strong>5. \u2013 7. j\u00fan 2025<\/strong><br>Hotel Crowne Plaza \u2029Bratislava<\/span><\/h1>\n<h3 style=\"text-align: center;\">Hlavn\u00e1 t\u00e9ma konferencie<br>ZRKADL\u00c1 V N\u00c1S<br>REFLEXIA A SEBAREFLEXIA V PSYCHOTERAPII<\/h3>\n<hr>\n<h4 style=\"text-align: center;\">PARTNER PODUJATIA<\/h4>    <\/div>\n<\/div>\n<!-- \/module text -->        <\/div>\n                        <\/div>\n        <\/div>\n                        <div data-lazy=\"1\" class=\"module_row themify_builder_row tb_7jvf223 tf_w\">\n                        <div class=\"row_inner col_align_top tb_col_count_1 tf_box tf_rel\">\n                        <div data-lazy=\"1\" class=\"module_column tb-column col-full tb_dqzd223 first\">\n                    <!-- module image -->\n<div class=\"module module-image tb_2k2l500 image-center   tf_mw\" data-lazy=\"1\">\n        <div class=\"image-wrap tf_rel tf_mw\">\n            <img loading=\"lazy\" decoding=\"async\" src=\"https:\/\/kongres-kami.sk\/psychoterapia\/wp-content\/uploads\/SLK-200x200.png\" width=\"200\" height=\"200\" class=\"wp-post-image wp-image-396\" title=\"SLK\" alt=\"SLK\" srcset=\"https:\/\/kongres-kami.sk\/psychoterapia\/wp-content\/uploads\/SLK-200x200.png 200w, https:\/\/kongres-kami.sk\/psychoterapia\/wp-content\/uploads\/SLK-300x300.png 300w, https:\/\/kongres-kami.sk\/psychoterapia\/wp-content\/uploads\/SLK-150x150.png 150w, https:\/\/kongres-kami.sk\/psychoterapia\/wp-content\/uploads\/SLK.png 425w\" sizes=\"auto, (max-width: 200px) 100vw, 200px\">    \n        <\/div>\n    <!-- \/image-wrap -->\n    \n        <\/div>\n<!-- \/module image -->        <\/div>\n                        <\/div>\n        <\/div>\n                        <div data-lazy=\"1\" class=\"module_row themify_builder_row tb_h219682 tf_w\">\n                        <div class=\"row_inner col_align_top tb_col_count_1 tf_box tf_rel\">\n                        <div data-lazy=\"1\" class=\"module_column tb-column col-full tb_jtu5682 first\">\n                    <!-- module buttons -->\n<div class=\"module module-buttons tb_ozkp743 buttons-horizontal solid  small\" data-lazy=\"1\">\n        <div class=\"module-buttons-item tf_in_flx\">\n                        <a href=\"https:\/\/kongres-kami.sk\/psychoterapia\/wp-content\/uploads\/Psychoterapia-2025-pozvanka.pdf\" class=\"ui builder_button tf_in_flx pink\">\n                                                <span class=\"caps\">POZV\u00c1NKA<\/span> <span class=\"caps\">NA<\/span> <span class=\"caps\">STIAHNUTIE<\/span>&nbsp;<\/a>\n                <\/div>\n                    <div class=\"module-buttons-item tf_in_flx\">\n                        <a href=\"https:\/\/kongres-kami.sk\/psychoterapia\/wp-content\/uploads\/psychoterapeuticka-konferencia-abstrakty-2022.pdf\" class=\"ui builder_button tf_in_flx light-blue\">\n                                                <span class=\"caps\">ABSTRAKTY<\/span> 2022&nbsp;<\/a>\n                <\/div>\n                    <div class=\"module-buttons-item tf_in_flx\">\n                        <a href=\"https:\/\/kongres-kami.sk\/psychoterapia\/archiv-prednasok-2022\/\" class=\"ui builder_button tf_in_flx light-purple\">\n                                                <span class=\"caps\">ARCH\u00cdV<\/span> <span class=\"caps\">PREDN\u00c1\u0160OK<\/span>&nbsp;<\/a>\n                <\/div>\n            <\/div>\n<!-- \/module buttons -->\n        <\/div>\n                        <\/div>\n        <\/div>\n        <\/div>\n<!--\/themify_builder_content-->","protected":false},"excerpt":{"rendered":"<p>V\u00e1\u017ee\u00adn\u00ed \u00fa\u010dast\u00adn\u00ed\u00adci, orga\u00adni\u00adza\u010d\u00adn\u00e9 poky\u00adny oh\u013ea\u00addom On-line pri\u00adpo\u00adje\u00adnia V\u00e1m bud\u00fa zasla\u00adn\u00e9 2&nbsp;dni pred za\u010diat\u00adkom kon\u00adfe\u00adren\u00adcie. \u010eaku\u00adje\u00adme za pocho\u00adpe\u00adnie. Slo\u00adven\u00adsk\u00e1 psy\u00adcho\u00adte\u00adra\u00adpe\u00adutic\u00adk\u00e1 spo\u00adlo\u010d\u00adnos\u0165\u010ces\u00adk\u00e1 psy\u00adcho\u00adte\u00adra\u00adpe\u00adutic\u00adk\u00e1 spo\u00adle\u010d\u00adnost <span class=\"caps\">\u010cLS<\/span> JEPv spo\u00adlu\u00adpr\u00e1\u00adci so&nbsp;<span class=\"caps\">SLK<\/span> V\u00e1s poz\u00fd\u00adva\u00adj\u00fa&nbsp;na <span class=\"caps\">XXXV<\/span>. <span class=\"caps\">\u010cESKO-SLOVENSK\u00daPSYCHOTERAPEUTICK\u00daKONFERENCIU<\/span> <a href=\"https:\/\/kongres-kami.sk\/psychoterapia\/\" class=\"more-link\">[\u2026]<\/a><\/p>\n","protected":false},"author":1,"featured_media":0,"parent":0,"menu_order":0,"comment_status":"closed","ping_status":"closed","template":"","meta":{"wp_typography_post_enhancements_disabled":false,"Layout":"2c-l","footnotes":""},"class_list":["entry","author-lucian-cmorej","post-2","page","type-page","status-publish"],"_links":{"self":[{"href":"https:\/\/kongres-kami.sk\/psychoterapia\/wp-json\/wp\/v2\/pages\/2","targetHints":{"allow":["GET"]}}],"collection":[{"href":"https:\/\/kongres-kami.sk\/psychoterapia\/wp-json\/wp\/v2\/pages"}],"about":[{"href":"https:\/\/kongres-kami.sk\/psychoterapia\/wp-json\/wp\/v2\/types\/page"}],"author":[{"embeddable":true,"href":"https:\/\/kongres-kami.sk\/psychoterapia\/wp-json\/wp\/v2\/users\/1"}],"replies":[{"embeddable":true,"href":"https:\/\/kongres-kami.sk\/psychoterapia\/wp-json\/wp\/v2\/comments?post=2"}],"version-history":[{"count":5,"href":"https:\/\/kongres-kami.sk\/psychoterapia\/wp-json\/wp\/v2\/pages\/2\/revisions"}],"predecessor-version":[{"id":919,"href":"https:\/\/kongres-kami.sk\/psychoterapia\/wp-json\/wp\/v2\/pages\/2\/revisions\/919"}],"wp:attachment":[{"href":"https:\/\/kongres-kami.sk\/psychoterapia\/wp-json\/wp\/v2\/media?parent=2"}],"curies":[{"name":"wp","href":"https:\/\/api.w.org\/{rel}","templated":true}]}}