{"id":79,"date":"2017-02-17T09:52:38","date_gmt":"2017-02-17T08:52:38","guid":{"rendered":"http:\/\/kongres-kami.sk\/psychoterapia\/?page_id=79"},"modified":"2025-05-28T10:39:45","modified_gmt":"2025-05-28T08:39:45","slug":"program","status":"publish","type":"page","link":"https:\/\/kongres-kami.sk\/psychoterapia\/program\/","title":{"rendered":"Program konferencie"},"content":{"rendered":"<!--themify_builder_content-->\n<div id=\"themify_builder_content-79\" data-postid=\"79\" class=\"themify_builder_content themify_builder_content-79 themify_builder tf_clear\">\n                    <div data-lazy=\"1\" class=\"module_row themify_builder_row tb_uc4z154 tb_first tf_w\">\n                        <div class=\"row_inner col_align_top tb_col_count_1 tf_box tf_rel\">\n                        <div data-lazy=\"1\" class=\"module_column tb-column col-full tb_1l8y154 first\">\n                    <!-- module text -->\n<div class=\"module module-text tb_77dd163   \" data-lazy=\"1\">\n        <div class=\"tb_text_wrap\">\n        <p style=\"font-weight: 400; text-align: center;\"><strong>Pred\u00adbe\u017e\u00adn\u00fd prog\u00adram<\/strong><br>Orga\u00adni\u00adz\u00e1\u00adto\u00adri si vyhra\u00addzu\u00adj\u00fa pr\u00e1\u00advo na&nbsp;zmenu!<\/p>\n<h3 style=\"text-align: center;\"><b>\u0160tvrtok 5. 6.&nbsp;2025<\/b><b><\/b><\/h3>\n<p><b>12.00 \u2013 17.00<\/b> <b><i>Regis\u00adtr\u00e1\u00adcia<\/i><\/b><\/p>\n<h4><b><span class=\"caps\">SEKCIA<\/span> I<\/b><\/h4>\n<p><span style=\"color: #00ba44;\"><b><i>Koor\u00addi\u00adn\u00e1\u00adtor sek\u00adcie: PhDr. Zita Michlerov\u00e1<\/i><\/b><\/span><\/p>\n<p><b>13.00 \u2013 13.15<\/b> <span class=\"Apple-converted-space\">&nbsp; <\/span><b><i>\u00davod\u00adn\u00fd pr\u00ed\u00adho\u00advor<br><\/i><\/b>Mich\u00adle\u00adro\u00adv\u00e1&nbsp;Z.<\/p>\n<p><b>13.15 \u2013 13.35<\/b><span class=\"Apple-converted-space\">&nbsp; <\/span><b><i>The Eman\u00adci\u00adpa\u00adti\u00adon of Psy\u00adchot\u00adhe\u00adra\u00adpy in Euro\u00adpe<br><\/i><\/b>War\u00adnec\u00adke&nbsp;T.<\/p>\n<p><b>13.35 \u2013 14.35<\/b><span class=\"Apple-converted-space\">&nbsp; <\/span><b><i>Cie\u00ad\u013eom kori\u00adgo\u00adva\u00adn\u00e1 explo\u00adra\u010d\u00adn\u00e1 psy\u00adcho\u00adte\u00adra\u00adpia (<span class=\"caps\">EGCP<\/span>)<br><\/i><\/b><b><i><\/i><\/b>McC\u00adlus\u00adkey&nbsp;U.<\/p>\n<p><b>14.35 \u2013 15.00<\/b><span class=\"Apple-converted-space\">&nbsp; <\/span><b><i>Pre\u00adst\u00e1v\u00adka<\/i><\/b><\/p>\n<h4><b><span class=\"caps\">SEKCIA<\/span> <span class=\"caps\">II<\/span><\/b><\/h4>\n<p><span style=\"color: #00ba44;\"><b><i>Koor\u00addi\u00adn\u00e1\u00adtor sek\u00adcie: MUDr. Igor Kundr\u00e1t<\/i><\/b><\/span><\/p>\n<p><b>15.00 \u2013 17.00<\/b><span class=\"Apple-converted-space\">&nbsp; <\/span>Fre\u00adde\u00adrick\u00adson&nbsp;J.<\/p>\n<p><b>17.00<\/b> <b><i>Val\u00adn\u00e9 zhroma\u017edenie<\/i><\/b><\/p>\n<p><b>18.30 \u2013 20.00<\/b><b><i> Ve\u010de\u00adra<span class=\"Apple-converted-space\">&nbsp;<\/span><\/i><\/b><\/p>\n<hr>\n<h3 style=\"text-align: center;\"><b>Piatok 6. 6.&nbsp;2025<\/b><\/h3>\n<p><b>8.00 \u2013 18.00<\/b><b> <\/b><b><i>Regis\u00adtr\u00e1\u00adcia<a href=\"https:\/\/kongres-kami.sk\/psychoterapia\/wp-content\/uploads\/pravne-poradenstvo-FB-016.jpeg\" target=\"_blank\" rel=\"noopener\"><img loading=\"lazy\" decoding=\"async\" class=\"alignright wp-image-907 size-medium\" src=\"https:\/\/kongres-kami.sk\/psychoterapia\/wp-content\/uploads\/pravne-poradenstvo-FB-016-250x300.jpeg\" alt width=\"250\" height=\"300\" srcset=\"https:\/\/kongres-kami.sk\/psychoterapia\/wp-content\/uploads\/pravne-poradenstvo-FB-016-250x300.jpeg 250w, https:\/\/kongres-kami.sk\/psychoterapia\/wp-content\/uploads\/pravne-poradenstvo-FB-016-853x1024.jpeg 853w, https:\/\/kongres-kami.sk\/psychoterapia\/wp-content\/uploads\/pravne-poradenstvo-FB-016-768x921.jpeg 768w, https:\/\/kongres-kami.sk\/psychoterapia\/wp-content\/uploads\/pravne-poradenstvo-FB-016-417x500.jpeg 417w, https:\/\/kongres-kami.sk\/psychoterapia\/wp-content\/uploads\/pravne-poradenstvo-FB-016.jpeg 961w\" sizes=\"auto, (max-width: 250px) 100vw, 250px\"><\/a><\/i><\/b><\/p>\n<h4><b><span class=\"caps\">SEKCIA<\/span> <span class=\"caps\">III<\/span><\/b><\/h4>\n<p><span style=\"color: #00ba44;\"><b><i>Koor\u00addi\u00adn\u00e1\u00adtor sek\u00adcie: Mgr. Nor\u00adbert&nbsp;Uhn\u00e1k<\/i><\/b><\/span><\/p>\n<p><b>9.00 \u2013 10.00<\/b> <b><i> Ref\u00adle\u00adxia a&nbsp;seba\u00adref\u00adle\u00adxia han\u00adby a&nbsp;viny v&nbsp;psy\u00adcho\u00adte\u00adra\u00adpii<\/i><\/b><span class=\"Apple-converted-space\"><br><\/span>(on-line nahra\u00adt\u00e1 pred\u00adn\u00e1\u0161\u00adka)<br>Here\u00adtik A., Here\u00adti\u00adko\u00adv\u00e1 Mar\u00adsa\u00adlo\u00adv\u00e1 A.<span class=\"Apple-converted-space\">&nbsp;<\/span><\/p>\n<p><b><i>Vn\u00ed\u00adma\u0161 ma, vn\u00ed\u00admam sa, vn\u00ed\u00adma\u00adme sa<br><\/i><\/b>Ka\u0161\u00ad\u010d\u00e1\u00adko\u00adv\u00e1&nbsp;N.<\/p>\n<p><b><i>Ref\u00adle\u00adxia v&nbsp;akce\u00adle\u00adro\u00adva\u00adnej z\u00e1\u017eit\u00adko\u00advej dyna\u00admic\u00adkej psy\u00adcho\u00adte\u00adra\u00adpii \u2013 <span class=\"caps\">AEDP<\/span><br><\/i><\/b>Kora\u00adzim N. D. <span class=\"Apple-converted-space\">&nbsp;<\/span><\/p>\n<p><b>10.00 \u2013 11.00<\/b> <b><i>Tvo\u00adje mies\u00adto je tam, kde sa na Teba poze\u00adra\u00adj\u00fa o\u010di \u2013 tam kde sa o\u010di stre\u00adt\u00e1\u00adva\u00adj\u00fa<span class=\"Apple-converted-space\">&nbsp; <\/span>sa obja\u00advu\u00adje\u0161<br><\/i><\/b>Sann\u00adwald&nbsp;R.<\/p>\n<p><b>11.00 \u2013 11.30 <\/b><b><i>Pre\u00adst\u00e1v\u00adka<\/i><\/b><\/p>\n<h4><b><span class=\"caps\">SEKCIA<\/span> <span class=\"caps\">IV<\/span><\/b><\/h4>\n<p><span style=\"color: #00ba44;\"><b><i>Koor\u00addi\u00adn\u00e1\u00adtor sek\u00adcie: Mgr. Vla\u00addi\u00adm\u00edr Hamb\u00e1lek<\/i><\/b><\/span><\/p>\n<p><b>11.30 \u2013 12.30 <span class=\"Apple-converted-space\">&nbsp; <\/span><\/b><b><i>Diag\u00adnos\u00adti\u00adka auten\u00adtic\u00adk\u00fdch a&nbsp;sce\u00adn\u00e1r\u00adnych poci\u00adtov osob\u00adnos\u00adti<br><\/i><\/b>Yavor\u00adsk\u00e1&nbsp;H.<\/p>\n<p><b><i>Metas\u00adpra\u00adco\u00adva\u00adnie (meta\u00adte\u00adra\u00adpe\u00adutic\u00adk\u00e9 spra\u00adco\u00adva\u00adnie) ako sp\u00f4\u00adsob ref\u00adle\u00adxie, kto\u00adr\u00fd pre\u00adhl\u00adbu\u00adje uzdra\u00advo\u00adva\u00adnie<br><\/i><\/b>Husov\u00adsk\u00e1&nbsp;D.<\/p>\n<p><b><i>Trans\u00adfe\u00adren\u00adce-focu\u00adsed psy\u00adchot\u00adhe\u00adra\u00adpy pro l\u00e9\u010d\u00adbu hra\u00adni\u010d\u00adn\u00ed poru\u00adchy osob\u00adnos\u00adti<br><\/i><\/b>Heren\u00adti\u00adno\u00adv\u00e1&nbsp;R.<\/p>\n<p><b>12.30 \u2013 13.30<span class=\"Apple-converted-space\">&nbsp; <\/span><\/b><b><i>Obed<\/i><\/b><\/p>\n<h4><b><span class=\"caps\">SEKCIA<\/span> V<\/b><\/h4>\n<p><span style=\"color: #00ba44;\"><b><i>Koor\u00addi\u00adn\u00e1\u00adtor sek\u00adcie: Mgr. Klau\u00addia Trojanov\u00e1<\/i><\/b><\/span><\/p>\n<p><b><i>13.30 \u2013 14.30<\/i><\/b><span class=\"Apple-converted-space\">&nbsp; &nbsp; <\/span><b><i>Psy\u00adcho\u00adte\u00adra\u00adpie v&nbsp;sexu\u00adolo\u00adgii<br><\/i><\/b>Weiss P.<\/p>\n<p><b><i>Zrkad\u00adl\u00e1 v&nbsp;n\u00e1s. Ref\u00adle\u00adxia v&nbsp;pr\u00e1\u00adci s&nbsp;de\u0165\u00admi a&nbsp;rodi\u00adna\u00admi<br><\/i><\/b>Lesh\u00adchen\u00adko&nbsp;Y.<\/p>\n<p><b><i>Ref\u00adle\u00adxia neexis\u00adten\u00adcie \u2013 Retrau\u00adma\u00adti\u00adz\u00e1\u00adcia sys\u00adt\u00e9\u00admom. Ne \/\u200b Potre\u00adbu\u00adj\u00fa deti v&nbsp;in\u0161ti\u00adtu\u00adci\u00adon\u00e1l\u00adnej sta\u00adrost\u00adli\u00advos\u00adti psy\u00adcho\u00adte\u00adra\u00adpiu?<br><\/i><\/b><b><i> <\/i><\/b>Zimo\u00adv\u00e1 Z., Ham\u00adb\u00e1\u00adlek&nbsp;V.<\/p>\n<p><b>14.30 \u2013 15.00 <\/b><b><i>Pre\u00adst\u00e1v\u00adka<\/i><\/b><\/p>\n<p><b><span class=\"caps\">SEKCIA<\/span> <span class=\"caps\">VI<\/span><\/b><\/p>\n<p><span style=\"color: #00ba44;\"><b><i>Koor\u00addi\u00adn\u00e1\u00adtor sek\u00adcie: PhDr. Anna Bal\u00adgo\u00adv\u00e1<span class=\"Apple-converted-space\">&nbsp;<\/span><\/i><\/b><\/span><\/p>\n<p><b>15.00 \u2013 16.00 <\/b> <b><i>Kr\u00e1t\u00adko\u00addo\u00adb\u00e1 kog\u00adni\u00adtiv\u00adn\u011b-beha\u00advi\u00ador\u00e1l\u00adn\u00ed tera\u00adpie<br><\/i><\/b>Von\u00adtor\u00ad\u010d\u00ed\u00adko\u00adv\u00e1 H.<span class=\"Apple-converted-space\">&nbsp;<\/span><\/p>\n<p><b><i>Vyu\u017ei\u00adtie \u0161truk\u00adt\u00fa\u00adro\u00adva\u00adnej seba\u00adref\u00adle\u00adxie v&nbsp;<span class=\"caps\">KBT<\/span> \u2013 prak\u00adtic\u00adk\u00e9 sk\u00fa\u00adse\u00adnos\u00adti<br><\/i><\/b><b><i> <\/i><\/b>Kotia\u00adno\u00adv\u00e1 A., \u0160le\u00adpec\u00adk\u00fd&nbsp;M.<\/p>\n<p><b><i>Tera\u00adpie p\u0159i\u00adje\u00adt\u00ed a&nbsp;odhod\u00adl\u00e1\u00adn\u00ed (<span class=\"caps\">ACT<\/span>) \u2013 p\u0159ed\u00adsta\u00adve\u00adn\u00ed, uplat\u00adn\u011bn\u00ed a&nbsp;evi\u00adden\u00adce-based<br><\/i><\/b>Zer\u00adne\u00adro\u00adv\u00e1 L., Von\u00adtor\u00ad\u010d\u00ed\u00adko\u00adv\u00e1&nbsp;H.<\/p>\n<p><b>16.00 \u2013 16.30<span class=\"Apple-converted-space\">&nbsp; <\/span><\/b><b><i>Pre\u00adst\u00e1v\u00adka<\/i><\/b><\/p>\n<h4><b><span class=\"caps\">SEKCIA<\/span> <span class=\"caps\">VII<\/span><\/b><\/h4>\n<p><span style=\"color: #00ba44;\"><b><i>Koor\u00addi\u00adn\u00e1\u00adtor sek\u00adcie: Mgr. Vie\u00adra Cvi\u00adko\u00adv\u00e1&nbsp;PhD.<\/i><\/b><\/span><\/p>\n<p><b>16.30 \u2013 18.00<span class=\"Apple-converted-space\">&nbsp; <\/span><\/b><b><i>Mir\u00adro\u00adring \u2013 baz\u00e1l\u00adny v\u00fdvo\u00adjo\u00adv\u00fd, sel\u00adfob\u00adjek\u00adto\u00adv\u00fd a&nbsp;tera\u00adpe\u00adutic\u00adk\u00fd feno\u00adm\u00e9n<br><\/i><\/b>Chy\u00adl\u00edk&nbsp;M.<\/p>\n<p><b><i>Tera\u00adpe\u00adutic\u00adk\u00e1 pr\u00e1\u00adca v&nbsp;\u0165a\u017e\u00adk\u00fdch \u010dasoch a&nbsp;\u0165a\u017e\u00adk\u00fdch t\u00e9mach<br><\/i><\/b>\u0158\u00edho\u00adv\u00e1 A., \u010cech&nbsp;B.<\/p>\n<p><b><i>Sku\u00adpi\u00adna ako sie\u0148 zrka\u00addiel<br><\/i><\/b>Mud\u00adr\u00edk&nbsp;F.<\/p>\n<p><b><i>Zrkad\u00adl\u00e1 v&nbsp;n\u00e1s: Neve\u00addo\u00adm\u00e1 komu\u00adni\u00adk\u00e1\u00adcia v&nbsp;psy\u00adcho\u00adana\u00adly\u00adtic\u00adkej psy\u00adcho\u00adte\u00adra\u00adpii<br><\/i><\/b>B\u0159ez\u00adno\u00adv\u00e1&nbsp;D.<\/p>\n<p><b>19.00 \u2013 24.00<span class=\"Apple-converted-space\">&nbsp; <\/span><\/b><b><i>Spo\u00adlo\u00ad\u010den\u00adsk\u00fd&nbsp;ve\u010der<\/i><\/b><\/p>\n<hr>\n<h3 style=\"text-align: center;\"><b>Sobota 7. 6.&nbsp;2025<\/b><\/h3>\n<p><b>8.00 \u2013 13.00<\/b><b> <\/b><b><i>Regis\u00adtr\u00e1\u00adcia<\/i><\/b><\/p>\n<h4><b><span class=\"caps\">SEKCIA<\/span> <span class=\"caps\">VIII<\/span><\/b><\/h4>\n<p><span style=\"color: #00ba44;\"><b><i>Koor\u00addi\u00adn\u00e1\u00adtor sek\u00adcie: MUDr. Daniel Ralaus<\/i><\/b><\/span><\/p>\n<p><b>9.00 \u2013 10.00<\/b><span class=\"Apple-converted-space\">&nbsp; <\/span><b><i>Resour\u00adce orien\u00adted sys\u00adte\u00admic geno\u00adgram through the lens of solu\u00adti\u00adon focu\u00adsed psy\u00adchot\u00adrau\u00adma\u00adto\u00adlo\u00adgy<br><\/i><\/b>Del\u00adluc\u00adci&nbsp;H.<\/p>\n<p><b>10.00 \u2013 10.20<\/b><span class=\"Apple-converted-space\">&nbsp; <\/span><b><i>Psy\u00adchot\u00adhe\u00adra\u00adpy Pro\u00adfes\u00adsi\u00adon<br><\/i><\/b>Zaha\u00adria C.<span class=\"Apple-converted-space\">&nbsp; &nbsp; &nbsp; &nbsp; &nbsp; &nbsp; &nbsp; &nbsp; &nbsp; &nbsp; &nbsp; &nbsp; &nbsp; &nbsp; &nbsp;<\/span><\/p>\n<p><b>10.20 \u2013 10.40<\/b><span class=\"Apple-converted-space\">&nbsp; <\/span><b><i> Deve\u00adlop\u00adment of the Obser\u00adver posi\u00adti\u00adon in the the\u00adra\u00adpy of beha\u00advi\u00adoral addic\u00adti\u00adon as a&nbsp;fou\u00adda\u00adti\u00adon for chan\u00adging dys\u00adfunc\u00adti\u00adonal cog\u00adni\u00adti\u00adve models and beha\u00advi\u00ador<br><\/i><\/b>Zin\u00adchen\u00adko&nbsp;T.<\/p>\n<p><b>10.40 \u2013 11.00 <\/b><b><i>Pre\u00adst\u00e1v\u00adka<\/i><\/b><\/p>\n<h4><b><span class=\"caps\">SEKCIA<\/span> <span class=\"caps\">IX<\/span><\/b><\/h4>\n<p><span style=\"color: #00ba44;\"><b><i>Koor\u00addi\u00adn\u00e1\u00adtor sek\u00adcie: PhDr. Zita Michlerov\u00e1<\/i><\/b><\/span><\/p>\n<p><b>11.00 \u2013 13.00 <span class=\"Apple-converted-space\">&nbsp; <\/span><\/b><b><i>Osob\u00adn\u00ed anga\u00ad\u017eo\u00adva\u00adnost tera\u00adpe\u00aduta v&nbsp;pro\u00adce\u00adsu tera\u00adpie a&nbsp;jej\u00ed dopa\u00addy<br><\/i><\/b>Hud\u00adli\u010d\u00adka&nbsp;P.<\/p>\n<p><b><i>Ref\u00adle\u00adxia v&nbsp;sys\u00adte\u00admic\u00adkom pr\u00ed\u00adstu\u00adpe \u2013 \u201evn\u00fa\u00adtor\u00adn\u00fd\u201c pozo\u00adro\u00adva\u00adte\u013e a&nbsp;ref\u00adlek\u00adtu\u00adj\u00fa\u00adce t\u00edmy<br><\/i><\/b>Bart\u00adko\u00adv\u00e1 P., Mil\u00adlo\u00adv\u00e1&nbsp;K.<\/p>\n<p><b><i>\u010co pre\u00ad\u017e\u00ed\u00adva tera\u00adpe\u00adut\u00adka, ke\u010f tera\u00adpia kon\u00ad\u010d\u00ed<br><\/i><\/b>Bot\u00adto\u00adv\u00e1&nbsp;M.<\/p>\n<p><b><i>Nuda v&nbsp;tera\u00adpii<br><\/i><\/b>Hrd\u00adli\u010d\u00adko\u00adv\u00e1&nbsp;B.<\/p>\n<p><b>13.00 <\/b><b><i>Z\u00e1ver kon\u00adfe\u00adren\u00adcie<br><\/i><\/b>Mich\u00adle\u00adro\u00adv\u00e1&nbsp;Z.<\/p>\n<p><b><i>Obed <\/i><\/b><\/p>    <\/div>\n<\/div>\n<!-- \/module text -->        <\/div>\n                        <\/div>\n        <\/div>\n        <\/div>\n<!--\/themify_builder_content-->","protected":false},"excerpt":{"rendered":"<p>Pred\u00adbe\u017e\u00adn\u00fd prog\u00adramOrga\u00adni\u00adz\u00e1\u00adto\u00adri si vyhra\u00addzu\u00adj\u00fa pr\u00e1\u00advo na&nbsp;zme\u00adnu! \u0160tvr\u00adtok 5. 6.&nbsp;2025 12.00 \u2013 17.00 Regis\u00adtr\u00e1\u00adcia <span class=\"caps\">SEKCIA<\/span> I&nbsp;Koor\u00addi\u00adn\u00e1\u00adtor sek\u00adcie: PhDr. Zita Mich\u00adle\u00adro\u00adv\u00e1 13.00 \u2013 13.15 &nbsp; \u00davod\u00adn\u00fd pr\u00ed\u00adho\u00advorMich\u00adle\u00adro\u00adv\u00e1&nbsp;Z. 13.15 \u2013 13.35&nbsp; The <a href=\"https:\/\/kongres-kami.sk\/psychoterapia\/program\/\" class=\"more-link\">[\u2026]<\/a><\/p>\n","protected":false},"author":1,"featured_media":0,"parent":0,"menu_order":4,"comment_status":"closed","ping_status":"closed","template":"","meta":{"wp_typography_post_enhancements_disabled":false,"Layout":"1c","footnotes":""},"class_list":["entry","author-lucian-cmorej","post-79","page","type-page","status-publish"],"_links":{"self":[{"href":"https:\/\/kongres-kami.sk\/psychoterapia\/wp-json\/wp\/v2\/pages\/79","targetHints":{"allow":["GET"]}}],"collection":[{"href":"https:\/\/kongres-kami.sk\/psychoterapia\/wp-json\/wp\/v2\/pages"}],"about":[{"href":"https:\/\/kongres-kami.sk\/psychoterapia\/wp-json\/wp\/v2\/types\/page"}],"author":[{"embeddable":true,"href":"https:\/\/kongres-kami.sk\/psychoterapia\/wp-json\/wp\/v2\/users\/1"}],"replies":[{"embeddable":true,"href":"https:\/\/kongres-kami.sk\/psychoterapia\/wp-json\/wp\/v2\/comments?post=79"}],"version-history":[{"count":5,"href":"https:\/\/kongres-kami.sk\/psychoterapia\/wp-json\/wp\/v2\/pages\/79\/revisions"}],"predecessor-version":[{"id":913,"href":"https:\/\/kongres-kami.sk\/psychoterapia\/wp-json\/wp\/v2\/pages\/79\/revisions\/913"}],"wp:attachment":[{"href":"https:\/\/kongres-kami.sk\/psychoterapia\/wp-json\/wp\/v2\/media?parent=79"}],"curies":[{"name":"wp","href":"https:\/\/api.w.org\/{rel}","templated":true}]}}